{"id":6136,"date":"2022-02-18T08:42:43","date_gmt":"2022-02-18T08:42:43","guid":{"rendered":"https:\/\/canofax.hr\/?post_type=product&#038;p=6136"},"modified":"2022-02-18T08:42:43","modified_gmt":"2022-02-18T08:42:43","slug":"canon-pixma-g2415-2-x-crna-tinta","status":"publish","type":"product","link":"https:\/\/canofax.hr\/?product=canon-pixma-g2415-2-x-crna-tinta","title":{"rendered":"Canon Pixma G2415 &#8211; 2 x Crna tinta"},"content":{"rendered":"<p>Tip U\u010dinkovit i svestran, ovaj ku\u0107ni i uredski vi\u0161efunkcijski pisa\u010d mo\u017ee se pohvaliti bo\u010dicama s tintom visokog u\u010dinka za isplativo i vrlo kvalitetno ispisivanje, kopiranje i skeniranje dokumenata i fotografija te pouzdanost za lako obra\u0111ivanje velikih koli\u010dina dokumenata.<br \/>\nDostupne funkcije Ispis, kopiranje, skeniranje<\/p>\n<p>Rezolucija ispisa Do 4800 x 1200 dpi<br \/>\nBrzina c\/b ispisa Pribl. 8,8 ipm<br \/>\nBrzina ispisa u boji Pribl. 5 ipm<br \/>\nBrzina foto ispisa Bez obruba 10 x 15 cm: pribl. 60 sekundi<\/p>\n<p>Ispis bez okvira Da (A4, Letter, 20 x 25 cm, 13 x 18 cm, 13 x 13 cm, 10 x 15 cm)<br \/>\nFunkcija skeniranja Plo\u0161ni skener CIS za fotografije i dokumente<\/p>\n<p>Ulazna ladica Stra\u017enji odlaga\u010d: maks. 100 listova (obi\u010dni papir)<\/p>\n<p>Veli\u010dina medija A4, A5, B5, 10 x 15 cm, 13 x 18 cm, 20 x 25 cm, omotnice (DL, COM10), Letter, Legal<br \/>\nVrste medija Obi\u010dni papir: 64 \u2013 105 g\/m\u00b2<br \/>\nFotopapir tvrtke Canon: do 275 g\/m\u00b2<\/p>\n<p>Razina buke Pribl. 53,5 dB(A)<\/p>\n<p>Su\u010delje Hi-Speed USB<\/p>\n<p>Dimenzije i masa Pribl. 445 x 330 x 163 mm<br \/>\nPribl. 6,3 kg<\/p>\n","protected":false},"excerpt":{"rendered":"<p>Tip U\u010dinkovit i svestran, ovaj ku\u0107ni i uredski vi\u0161efunkcijski pisa\u010d mo\u017ee se pohvaliti bo\u010dicama s tintom visokog u\u010dinka za isplativo i vrlo kvalitetno ispisivanje, kopiranje i skeniranje dokumenata i fotografija te pouzdanost za lako obra\u0111ivanje velikih koli\u010dina dokumenata.<br \/>\nDostupne funkcije Ispis, kopiranje, skeniranje<\/p>\n","protected":false},"featured_media":6137,"comment_status":"open","ping_status":"closed","template":"","meta":[],"product_cat":[223,114],"product_tag":[227],"class_list":{"0":"post-6136","1":"product","2":"type-product","3":"status-publish","4":"has-post-thumbnail","6":"product_cat-ciss-pisaci-i-mf-uredaji","7":"product_cat-tintni-pisaci","8":"product_tag-canon-pixma-g2415-2-x-crna-tinta","10":"first","11":"instock","12":"shipping-taxable","13":"product-type-simple"},"_links":{"self":[{"href":"https:\/\/canofax.hr\/index.php?rest_route=\/wp\/v2\/product\/6136","targetHints":{"allow":["GET"]}}],"collection":[{"href":"https:\/\/canofax.hr\/index.php?rest_route=\/wp\/v2\/product"}],"about":[{"href":"https:\/\/canofax.hr\/index.php?rest_route=\/wp\/v2\/types\/product"}],"replies":[{"embeddable":true,"href":"https:\/\/canofax.hr\/index.php?rest_route=%2Fwp%2Fv2%2Fcomments&post=6136"}],"wp:featuredmedia":[{"embeddable":true,"href":"https:\/\/canofax.hr\/index.php?rest_route=\/wp\/v2\/media\/6137"}],"wp:attachment":[{"href":"https:\/\/canofax.hr\/index.php?rest_route=%2Fwp%2Fv2%2Fmedia&parent=6136"}],"wp:term":[{"taxonomy":"product_cat","embeddable":true,"href":"https:\/\/canofax.hr\/index.php?rest_route=%2Fwp%2Fv2%2Fproduct_cat&post=6136"},{"taxonomy":"product_tag","embeddable":true,"href":"https:\/\/canofax.hr\/index.php?rest_route=%2Fwp%2Fv2%2Fproduct_tag&post=6136"}],"curies":[{"name":"wp","href":"https:\/\/api.w.org\/{rel}","templated":true}]}}