{"id":6112,"date":"2022-02-17T11:54:15","date_gmt":"2022-02-17T11:54:15","guid":{"rendered":"https:\/\/canofax.hr\/?post_type=product&#038;p=6112"},"modified":"2022-02-17T11:54:54","modified_gmt":"2022-02-17T11:54:54","slug":"canon-pixma-ts5353-zeleni","status":"publish","type":"product","link":"https:\/\/canofax.hr\/?product=canon-pixma-ts5353-zeleni","title":{"rendered":"Canon Pixma TS5353 &#8211; Zeleni"},"content":{"rendered":"<p>Model PIXMA TS5353 (ZELENA)<br \/>\nTip Uz brzo povezivanje i ispisivanje s ure\u0111aja na dlanu, ovaj elegantni i moderni vi\u0161efunkcijski ure\u0111aj &#8220;3 u 1&#8221; idealan je alat za modele i kreacije te savr\u0161en partner za ispisivanje za pametni telefon.<br \/>\nDostupne funkcije Wi-Fi, ispisivanje, kopiranje, skeniranje, informati\u010dki oblak<\/p>\n<p>Metoda ispisa Automatski obostrani ispis (A4, A5, B5, Letter \u2013 obi\u010dni papir)<br \/>\nRezolucija ispisa Do 4800 x 1200 dpi<br \/>\nBrzina c\/b ispisa Pribl. 13 ipm<br \/>\nBrzina ispisa u boji Pribl. 6,8 ipm<br \/>\nBrzina foto ispisa Fotografija bez obruba 10 x 15 cm: pribl. 43 sekunde<\/p>\n<p>Ispis bez okvira Da (A4, Letter, 20 x 25 cm, 13 x 18 cm, 10 x 15 cm, 13 x 13 cm, 8,9 x 8,9 cm)<br \/>\nFunkcija skeniranja Plo\u0161ni skener CIS za fotografije i dokumente<br \/>\n1200 x 2400 dp<br \/>\nFunkcija kopiranja Kopiranje dokumenata, kopiranje fotografija, obostrano kopiranje, 2 na 1<br \/>\nsFCOT: pribl. 20 s<br \/>\nsESAT: pribl. 4,0 slike\/min<\/p>\n<p>Ulazna ladica Prednja kaseta: maks. 100 listova (obi\u010dni papir)<br \/>\nStra\u017enji odlaga\u010d: maks. 20 listova (foto-papir) ili maks. 100 listova (obi\u010dni papir)<\/p>\n<p>Veli\u010dina medija Stra\u017enji odlaga\u010d: A4 \/ A5 \/ B5 \/ LTR \/ LGL \/ 20 x 25 cm \/ 13 x 18 cm \/ 10 x 15 cm \/ 13 x 13 \/ 8,9 x 8,9 cm, omotnice (DL, COM10)<br \/>\n[Prilago\u0111eni formati] \u2013 \u0161irina: 55 do 215,9 mm, duljina: 89 do 676 mm<br \/>\nPrednja kaseta: A4, A5, B5, LTR<br \/>\n[Prilago\u0111eni formati] \u2013 \u0161irina: 148 do 215,9 mm, duljina: 210 do 297 mm<br \/>\nVrste medija Stra\u017enji odlaga\u010d: obi\u010dni papir 64 \u2013 105 g\/m\u00b2, fotopapir tvrtke Canon do 300 g\/m\u00b2<br \/>\nPrednja kaseta: obi\u010dni papir: 64 \u2013 105 g\/m\u00b2<\/p>\n<p>Su\u010delje Hi-Speed USB (B priklju\u010dnica)<br \/>\nWi-Fi: IEEE802.11 b\/g\/n<\/p>\n<p>OS Windows 10, Windows 8.1, Windows 7 SP1<br \/>\nOS X 10.11.6 \u3001macOS 10.12\uff5emacOS 10.14<br \/>\niOS, Android, Windows 10 Mobile<\/p>\n<p>Dimenzije i masa 403 x 315 x 148 mm<br \/>\n6,3 kg<\/p>\n","protected":false},"excerpt":{"rendered":"<p>Model PIXMA TS5353 (ZELENA)<br \/>\nTip Uz brzo povezivanje i ispisivanje s ure\u0111aja na dlanu, ovaj elegantni i moderni vi\u0161efunkcijski ure\u0111aj &#8220;3 u 1&#8221; idealan je alat za modele i kreacije te savr\u0161en partner za ispisivanje za pametni telefon.<br \/>\nDostupne funkcije Wi-Fi, ispisivanje, kopiranje, skeniranje, informati\u010dki oblak<\/p>\n","protected":false},"featured_media":6113,"comment_status":"open","ping_status":"closed","template":"","meta":[],"product_cat":[198,196],"product_tag":[214],"class_list":{"0":"post-6112","1":"product","2":"type-product","3":"status-publish","4":"has-post-thumbnail","6":"product_cat-a4-color","7":"product_cat-color-tintni-multifunkcijski-uredaji","8":"product_tag-canon-pixma-ts5353-zeleni","10":"first","11":"instock","12":"shipping-taxable","13":"product-type-simple"},"_links":{"self":[{"href":"https:\/\/canofax.hr\/index.php?rest_route=\/wp\/v2\/product\/6112","targetHints":{"allow":["GET"]}}],"collection":[{"href":"https:\/\/canofax.hr\/index.php?rest_route=\/wp\/v2\/product"}],"about":[{"href":"https:\/\/canofax.hr\/index.php?rest_route=\/wp\/v2\/types\/product"}],"replies":[{"embeddable":true,"href":"https:\/\/canofax.hr\/index.php?rest_route=%2Fwp%2Fv2%2Fcomments&post=6112"}],"wp:featuredmedia":[{"embeddable":true,"href":"https:\/\/canofax.hr\/index.php?rest_route=\/wp\/v2\/media\/6113"}],"wp:attachment":[{"href":"https:\/\/canofax.hr\/index.php?rest_route=%2Fwp%2Fv2%2Fmedia&parent=6112"}],"wp:term":[{"taxonomy":"product_cat","embeddable":true,"href":"https:\/\/canofax.hr\/index.php?rest_route=%2Fwp%2Fv2%2Fproduct_cat&post=6112"},{"taxonomy":"product_tag","embeddable":true,"href":"https:\/\/canofax.hr\/index.php?rest_route=%2Fwp%2Fv2%2Fproduct_tag&post=6112"}],"curies":[{"name":"wp","href":"https:\/\/api.w.org\/{rel}","templated":true}]}}