{"id":6080,"date":"2022-02-17T11:33:15","date_gmt":"2022-02-17T11:33:15","guid":{"rendered":"https:\/\/canofax.hr\/?post_type=product&#038;p=6080"},"modified":"2022-02-17T11:33:16","modified_gmt":"2022-02-17T11:33:16","slug":"canon-maxify-mb2150","status":"publish","type":"product","link":"https:\/\/canofax.hr\/?product=canon-maxify-mb2150","title":{"rendered":"Canon Maxify MB2150"},"content":{"rendered":"<p>Model Canon MAXIFY MB2150<br \/>\nTip Kompaktni vi\u0161enamjenski ure\u0111aj za ku\u0107ne urede<br \/>\nDostupne funkcije Ispis, kopiranje, skeniranje, faksiranje, Wi-Fi + Cloud Link<br \/>\nFunkcija ispisa Razlu\u010divost ispisa: 600 x 1200 dpi<br \/>\nTehnologija ispisivanja: Tintni, ispisna glava FINE<br \/>\nBrzina ispisa (pribl.): 19 ipm crno-bijelo A4<br \/>\n13 ipm u boji A4<br \/>\nVrijeme ispisa prve stranice: Crno-bijelo: 6 s (iz stanja pripravnosti) \/ 10 s (iz stanja mirovanja)<br \/>\nU boji: 7 s (iz stanja pripravnosti) \/ 14 s (iz stanja mirovanja)<br \/>\nIspisne margine (min): Vrh: 3 mm, dno: 5 mm, lijevo i desno: 3,4 mm<br \/>\nObostrani ispis: Automatski (A4, LTR obi\u010dni papir)<br \/>\nMetoda ispisa Tintni, ispisna glava FINE<br \/>\nRezolucija ispisa 600 x 1200 dpi<br \/>\nBrzina c\/b ispisa 19,0 ipm crno-bijelo A4<br \/>\nBrzina ispisa u boji 13,0 ipm u boji A4<\/p>\n<p>Funkcija skeniranja Tip skenera: Plo\u0161ni, ADF<br \/>\nTehnologija skenera: CIS skener u boji<br \/>\nRazlu\u010divost skeniranja: Do 1200 x 1200 dpi<br \/>\nNajve\u0107a veli\u010dina dokumenta: Plo\u0161ni skener: A4, LTR (216 x 297 mm)<br \/>\nADF: A4, LTR, LGL<br \/>\nDubina skeniranja (ulaz\/izlaz): Boja: 48 bita \/ 24 bita<br \/>\nSivi tonovi: 16 bita \/ 8 bita<br \/>\nFunkcije skeniranja: Skeniranje u e-po\u0161tu, mre\u017enu mapu, informati\u010dki oblak, na USB ure\u0111aj<br \/>\nFunkcija kopiranja Brzina kopiranja: ADF u boji: 10 ipm<br \/>\nADF crno-bijelo: 18 ipm<br \/>\nVi\u0161estruke kopije: do 99 stranica<br \/>\nSmanjenje\/pove\u0107anje: 25 \u2013 400 %, preko cijele stranice<br \/>\nPostavke kvalitete kopiranja: Standardna, visoka<br \/>\nFunkcije za kopiranje: Brisanje okvira, razvrstavanje, 2 na 1, 4 na 1, obostrano kopiranje<br \/>\nFaks funkcija Vrsta faksa: Super G3 \/ U boji<br \/>\nRazlu\u010divost faksiranja: Crno-bijelo: do 300 x 300 dpi<br \/>\nU boji: 200 x 200 dpi<br \/>\nBrzina faksiranja: Crno-bijelo: pribl. 3 s (33,6 kb\/s)<br \/>\nU boji: pribl. 1 min (33,6 kb\/s)<br \/>\nMemorija za faksiranje: do 250 stranica<\/p>\n<p>Vrste medija Vrste medija: Obi\u010dni papir<br \/>\nOmotnice (DL, COM10, C5, Monarch)<br \/>\nCanon High Resolution Paper (HR-101N)<br \/>\nCanon Matte (MP-101)<br \/>\nCanon Pro Luster (LU-101)<br \/>\nCanon Plus Semi-gloss (SG-201)<br \/>\nCanon Plus Glossy II (PP-201)<br \/>\nCanon Glossy Everyday Use (GP-501)<br \/>\nFormat papira: Obi\u010dni papir: A4, A5, B5, LTR, LGL<br \/>\nFotopapir: A4, LTR, 20 x 25 cm, 13 x 18 cm, 10 x 15 cm<br \/>\nPrilago\u0111ene veli\u010dine: \u0161irina 89 \u2013 215,9 mm, duljina 127 \u2013 355,6 mm<br \/>\nGramatura papira: Obi\u010dni papir: 64 &#8211; 105 g\/m<br \/>\nFotopapir tvrtke Canon: do 275 g\/m<\/p>\n<p>Razina buke Pribl. 56 dB (A)<\/p>\n<p>Su\u010delje Hi-Speed USB 2.0<br \/>\nPriklju\u010dak za USB flash memoriju (tip A)<br \/>\nWi-Fi IEEE802.11 b\/g\/n<\/p>\n<p>OS Windows 10 \/ 8.1 \/ 8 \/ 7 \/ 7 SP1 \/ Vista SP2<br \/>\nWindows Server 2008 \/ 2008 R2 \/ 2012 \/ 2012 R2<br \/>\nMac OS X v10.8.5 ili noviji<br \/>\nMobilni OS: iOS, Android, Windows RT, Windows 10 Mobile<br \/>\nPotro\u0161nja struje Stanje pripravnosti (\u017earulja skenera isklju\u010dena)<br \/>\nUSB veza s osobnim ra\u010dunalom: pribl. 0,9 \uff37<br \/>\nIsklju\u010deno: pribl. 0,2 W<br \/>\nKopiranje (USB veza s ra\u010dunalom PC): pribl. 27 W<br \/>\nTipi\u010dna potro\u0161nja energije: 0.2 KWh<br \/>\nDimenzije i masa \u0160 x D x V: 463 x 389 x 260 mm<br \/>\nMasa: 10,6 kg<\/p>\n<p>Ostalo Radni ciklus (mjese\u010dni): Do 20 000 stranica<br \/>\nPreporu\u010dena koli\u010dina ispisa: 200 \u2013 1000 stranica mjese\u010dno<br \/>\nRadna temperatura: 15 \u2013 30 \u00b0C<br \/>\nNapajanje: AC 100 &#8211; 240 V, 50\/60 Hz<\/p>\n","protected":false},"excerpt":{"rendered":"<p>Model Canon MAXIFY MB2150<br \/>\nTip Kompaktni vi\u0161enamjenski ure\u0111aj za ku\u0107ne urede<br \/>\nDostupne funkcije Ispis, kopiranje, skeniranje, faksiranje, Wi-Fi + Cloud Link<br \/>\nFunkcija ispisa Razlu\u010divost ispisa: 600 x 1200 dpi<\/p>\n","protected":false},"featured_media":6081,"comment_status":"open","ping_status":"closed","template":"","meta":[],"product_cat":[198,196],"product_tag":[199],"class_list":{"0":"post-6080","1":"product","2":"type-product","3":"status-publish","4":"has-post-thumbnail","6":"product_cat-a4-color","7":"product_cat-color-tintni-multifunkcijski-uredaji","8":"product_tag-canon-maxify-mb2150","10":"first","11":"instock","12":"shipping-taxable","13":"product-type-simple"},"_links":{"self":[{"href":"https:\/\/canofax.hr\/index.php?rest_route=\/wp\/v2\/product\/6080","targetHints":{"allow":["GET"]}}],"collection":[{"href":"https:\/\/canofax.hr\/index.php?rest_route=\/wp\/v2\/product"}],"about":[{"href":"https:\/\/canofax.hr\/index.php?rest_route=\/wp\/v2\/types\/product"}],"replies":[{"embeddable":true,"href":"https:\/\/canofax.hr\/index.php?rest_route=%2Fwp%2Fv2%2Fcomments&post=6080"}],"wp:featuredmedia":[{"embeddable":true,"href":"https:\/\/canofax.hr\/index.php?rest_route=\/wp\/v2\/media\/6081"}],"wp:attachment":[{"href":"https:\/\/canofax.hr\/index.php?rest_route=%2Fwp%2Fv2%2Fmedia&parent=6080"}],"wp:term":[{"taxonomy":"product_cat","embeddable":true,"href":"https:\/\/canofax.hr\/index.php?rest_route=%2Fwp%2Fv2%2Fproduct_cat&post=6080"},{"taxonomy":"product_tag","embeddable":true,"href":"https:\/\/canofax.hr\/index.php?rest_route=%2Fwp%2Fv2%2Fproduct_tag&post=6080"}],"curies":[{"name":"wp","href":"https:\/\/api.w.org\/{rel}","templated":true}]}}