{"id":6001,"date":"2022-02-17T10:39:22","date_gmt":"2022-02-17T10:39:22","guid":{"rendered":"https:\/\/canofax.hr\/?post_type=product&#038;p=6001"},"modified":"2022-02-17T10:39:22","modified_gmt":"2022-02-17T10:39:22","slug":"fotokopirni-uredaj-ir2630i","status":"publish","type":"product","link":"https:\/\/canofax.hr\/?product=fotokopirni-uredaj-ir2630i","title":{"rendered":"Fotokopirni ure\u0111aj iR2630i"},"content":{"rendered":"<p>Model iR2630i &#8211; A3 monokromatski laserski vi\u0161efunkcijski ure\u0111aj za ispisivanje, kopiranje, skeniranje, slanje i opcionalno faksiranje<\/p>\n<p>Rezolucija 1200 x 1200<br \/>\nBrzina ispisa dokumenta 30 ppm (A4), 15 ppm (A3), 21 ppm (A4R), 17 ppm (A5R)<br \/>\nUve\u0107avanje 25% \u2013 400% (u pove\u0107anjima od 1%)<br \/>\nVrijeme zagrijavanja Od uklju\u010divanja: 12 s ili manje<br \/>\nVrijeme prve kopije pribli\u017eno 5,9 s ili manje<br \/>\nPodr\u017eani tipovi papira Gramatura papira: 60 do 128 g\/m\u00b2<br \/>\nKapacitet papira Standardno kapacitet papira: 550 listova x 2 (80 g\/m\u00b2)<br \/>\nSu\u010delje 1000Base-T\/100Base-TX\/10Base-T,<br \/>\nbe\u017ei\u010dni LAN (IEEE 802.11 b\/g\/n),<br \/>\nUSB 2.0<\/p>\n<p>Duplex DA<\/p>\n<p>Dimenzije 586 x 713 x 912 mm<br \/>\n73,6 kg<\/p>\n<p>Funkcija kopiranja DA, 25 ppm (A4), 15 ppm (A3), 17 ppm (A4R), 17 ppm (A5R<\/p>\n<p>&nbsp;<\/p>\n","protected":false},"excerpt":{"rendered":"<p>Model iR2630i &#8211; A3 monokromatski laserski vi\u0161efunkcijski ure\u0111aj za ispisivanje, kopiranje, skeniranje, slanje i opcionalno faksiranje<br \/>\nRezolucija 1200 x 1200<br \/>\nBrzina ispisa dokumenta 30 ppm (A4), 15 ppm (A3), 21 ppm (A4R), 17 ppm (A5R)<\/p>\n","protected":false},"featured_media":6002,"comment_status":"open","ping_status":"closed","template":"","meta":[],"product_cat":[94,92],"product_tag":[184],"class_list":{"0":"post-6001","1":"product","2":"type-product","3":"status-publish","4":"has-post-thumbnail","6":"product_cat-foto-a3-crno-bijeli","7":"product_cat-fotokopirni-uredaji","8":"product_tag-fotokopirni-uredaj-ir2630i","10":"first","11":"instock","12":"shipping-taxable","13":"product-type-simple"},"_links":{"self":[{"href":"https:\/\/canofax.hr\/index.php?rest_route=\/wp\/v2\/product\/6001","targetHints":{"allow":["GET"]}}],"collection":[{"href":"https:\/\/canofax.hr\/index.php?rest_route=\/wp\/v2\/product"}],"about":[{"href":"https:\/\/canofax.hr\/index.php?rest_route=\/wp\/v2\/types\/product"}],"replies":[{"embeddable":true,"href":"https:\/\/canofax.hr\/index.php?rest_route=%2Fwp%2Fv2%2Fcomments&post=6001"}],"wp:featuredmedia":[{"embeddable":true,"href":"https:\/\/canofax.hr\/index.php?rest_route=\/wp\/v2\/media\/6002"}],"wp:attachment":[{"href":"https:\/\/canofax.hr\/index.php?rest_route=%2Fwp%2Fv2%2Fmedia&parent=6001"}],"wp:term":[{"taxonomy":"product_cat","embeddable":true,"href":"https:\/\/canofax.hr\/index.php?rest_route=%2Fwp%2Fv2%2Fproduct_cat&post=6001"},{"taxonomy":"product_tag","embeddable":true,"href":"https:\/\/canofax.hr\/index.php?rest_route=%2Fwp%2Fv2%2Fproduct_tag&post=6001"}],"curies":[{"name":"wp","href":"https:\/\/api.w.org\/{rel}","templated":true}]}}