{"id":5997,"date":"2022-02-17T10:37:16","date_gmt":"2022-02-17T10:37:16","guid":{"rendered":"https:\/\/canofax.hr\/?post_type=product&#038;p=5997"},"modified":"2022-02-17T10:37:16","modified_gmt":"2022-02-17T10:37:16","slug":"fotokopirni-uredaj-ir2425i-sa-dadf","status":"publish","type":"product","link":"https:\/\/canofax.hr\/?product=fotokopirni-uredaj-ir2425i-sa-dadf","title":{"rendered":"Fotokopirni ure\u0111aj iR2425i sa DADF"},"content":{"rendered":"<p>Model Canon imageRUNNER 2425i<br \/>\nIdealno rje\u0161enje za urede male i srednje veli\u010dine s velikim koli\u010dinama ispisivanja i skeniranja<br \/>\nPodr\u017eane veli\u010dine dokumenata Standardni format: A3, A4, A4R, A5, A5R, B4, B5, B5R,<br \/>\nomotnice [br. 10(COM 10), Monarch, ISO-C5, DL<br \/>\nPrilago\u0111eni\/slobodni format: min. 95 x 139,7 mm do 297 x 431,8 mm<br \/>\nRezolucija 600&#215;600 dpi<br \/>\nBrzina ispisa dokumenta Do 25 ppm (A4), do 12 ppm (A3), do 11 ppm (A4R)<br \/>\nUve\u0107avanje 25 % \u2013 400 % (u pove\u0107anjima od 1 %<br \/>\nVrijeme zagrijavanja 4 sekunde ili manje<br \/>\nVrijeme prve kopije Pribl. 7,4 sekunde ili manje<br \/>\nPodr\u017eani tipovi papira Vi\u0161enamjenski odlaga\u010d: 60 do 157 g\/m<br \/>\nKasete za papir: 64 do 90 g\/m<br \/>\nObostrano: 60 do 90 g\/m<br \/>\nKapacitet papira Standardno: 330 listova<br \/>\nMaksimalno: 580 listova (uz kasetnu jedinicu za ulaganje AK1)<br \/>\nSu\u010delje 1000Base-T\/100Base-TX\/10Base-T,<br \/>\nbe\u017ei\u010dni LAN (IEEE 802.11 b\/g\/n)<br \/>\nUSB 2.0 (glavni ure\u0111aj) x3, USB 2.0 (ure\u0111aj) x1<\/p>\n<p>Duplex DA<\/p>\n<p>Dimenzije 627 x 692 x 616 mm<br \/>\nDostupne funkcije Ispisivanje, kopiranje, skeniranje, slanje, pohranjivanje i opcionalno faksiranje<\/p>\n<p>Funkcija kopiranja standardni ulaga\u010d dokumenata za automatsku obostranu obradu [obostrano na obostrano]<\/p>\n","protected":false},"excerpt":{"rendered":"<p>Model Canon imageRUNNER 2425i<br \/>\nIdealno rje\u0161enje za urede male i srednje veli\u010dine s velikim koli\u010dinama ispisivanja i skeniranja<br \/>\nPodr\u017eane veli\u010dine dokumenata Standardni format: A3, A4, A4R, A5, A5R, B4, B5, B5R,<br \/>\nomotnice [br. 10(COM 10), Monarch, ISO-C5, DL<\/p>\n","protected":false},"featured_media":5998,"comment_status":"open","ping_status":"closed","template":"","meta":[],"product_cat":[94,92],"product_tag":[182],"class_list":{"0":"post-5997","1":"product","2":"type-product","3":"status-publish","4":"has-post-thumbnail","6":"product_cat-foto-a3-crno-bijeli","7":"product_cat-fotokopirni-uredaji","8":"product_tag-fotokopirni-uredaj-ir2425i-sa-dadf","10":"first","11":"instock","12":"shipping-taxable","13":"product-type-simple"},"_links":{"self":[{"href":"https:\/\/canofax.hr\/index.php?rest_route=\/wp\/v2\/product\/5997","targetHints":{"allow":["GET"]}}],"collection":[{"href":"https:\/\/canofax.hr\/index.php?rest_route=\/wp\/v2\/product"}],"about":[{"href":"https:\/\/canofax.hr\/index.php?rest_route=\/wp\/v2\/types\/product"}],"replies":[{"embeddable":true,"href":"https:\/\/canofax.hr\/index.php?rest_route=%2Fwp%2Fv2%2Fcomments&post=5997"}],"wp:featuredmedia":[{"embeddable":true,"href":"https:\/\/canofax.hr\/index.php?rest_route=\/wp\/v2\/media\/5998"}],"wp:attachment":[{"href":"https:\/\/canofax.hr\/index.php?rest_route=%2Fwp%2Fv2%2Fmedia&parent=5997"}],"wp:term":[{"taxonomy":"product_cat","embeddable":true,"href":"https:\/\/canofax.hr\/index.php?rest_route=%2Fwp%2Fv2%2Fproduct_cat&post=5997"},{"taxonomy":"product_tag","embeddable":true,"href":"https:\/\/canofax.hr\/index.php?rest_route=%2Fwp%2Fv2%2Fproduct_tag&post=5997"}],"curies":[{"name":"wp","href":"https:\/\/api.w.org\/{rel}","templated":true}]}}