{"id":5788,"date":"2022-02-16T10:03:32","date_gmt":"2022-02-16T10:03:32","guid":{"rendered":"https:\/\/canofax.hr\/?post_type=product&#038;p=5788"},"modified":"2022-02-16T10:03:32","modified_gmt":"2022-02-16T10:03:32","slug":"canon-skener-dr-s150","status":"publish","type":"product","link":"https:\/\/canofax.hr\/?product=canon-skener-dr-s150","title":{"rendered":"Canon skener DR S150"},"content":{"rendered":"<p>Opis<br \/>\nModel imageFORMULA DR-S150, Stolni skener s ulaga\u010dem listova<br \/>\nVrsta Skener odli\u010dnih radnih zna\u010dajki s prilagodljivom mre\u017enom vezom<br \/>\nOpti\u010dka rezolucija 600 dpi<br \/>\nElement skeniranja 1-linijski CMOS CIS senzor<br \/>\nIzvor svjetlosti RGB LED<br \/>\nSu\u010delje USB 3.2<br \/>\nUSB 2.0<br \/>\nIEEE802.11b\/g\/n<br \/>\n10Base-T\/100Base-TX\/1000Base-T<br \/>\nBrzina pregleda 45 ppm \/ 90 ipm<br \/>\nDimenzije i masa Odlaga\u010di zatvoreni: 291 x 163 x 378 mm<br \/>\nPribl. 3,3 kg<br \/>\nPreporu\u010deni dnevni radni ciklus Pribl. 4000 skenova<br \/>\nGramatura 20 \u2013 209 g\/m\u00b2 (0,04 \u2013 0,25 mm)<br \/>\nSkeniranje plasti\u010dnih kartica Format: 54 x 86 mm<br \/>\nDebljina: manja od 1,4 mm (reljefne kartice su podr\u017eane)<br \/>\nSkeniranje putovnica Debljina do 4 mm (pomo\u0107u nosivog lista)<br \/>\nKapacitet ulaga\u010da 60 listova (80 g\/m\u00b2)<\/p>\n","protected":false},"excerpt":{"rendered":"<p>Model imageFORMULA DR-S150, Stolni skener s ulaga\u010dem listova<br \/>\nVrsta Skener odli\u010dnih radnih zna\u010dajki s prilagodljivom mre\u017enom vezom<br \/>\nOpti\u010dka rezolucija 600 dpi<\/p>\n","protected":false},"featured_media":5789,"comment_status":"open","ping_status":"closed","template":"","meta":[],"product_cat":[79,77],"product_tag":[83],"class_list":{"0":"post-5788","1":"product","2":"type-product","3":"status-publish","4":"has-post-thumbnail","6":"product_cat-dr-a4-skener","7":"product_cat-dr-skerneri","8":"product_tag-canon-skener-dr-s150","10":"first","11":"instock","12":"shipping-taxable","13":"product-type-simple"},"_links":{"self":[{"href":"https:\/\/canofax.hr\/index.php?rest_route=\/wp\/v2\/product\/5788","targetHints":{"allow":["GET"]}}],"collection":[{"href":"https:\/\/canofax.hr\/index.php?rest_route=\/wp\/v2\/product"}],"about":[{"href":"https:\/\/canofax.hr\/index.php?rest_route=\/wp\/v2\/types\/product"}],"replies":[{"embeddable":true,"href":"https:\/\/canofax.hr\/index.php?rest_route=%2Fwp%2Fv2%2Fcomments&post=5788"}],"wp:featuredmedia":[{"embeddable":true,"href":"https:\/\/canofax.hr\/index.php?rest_route=\/wp\/v2\/media\/5789"}],"wp:attachment":[{"href":"https:\/\/canofax.hr\/index.php?rest_route=%2Fwp%2Fv2%2Fmedia&parent=5788"}],"wp:term":[{"taxonomy":"product_cat","embeddable":true,"href":"https:\/\/canofax.hr\/index.php?rest_route=%2Fwp%2Fv2%2Fproduct_cat&post=5788"},{"taxonomy":"product_tag","embeddable":true,"href":"https:\/\/canofax.hr\/index.php?rest_route=%2Fwp%2Fv2%2Fproduct_tag&post=5788"}],"curies":[{"name":"wp","href":"https:\/\/api.w.org\/{rel}","templated":true}]}}