{"id":5767,"date":"2022-02-16T09:41:31","date_gmt":"2022-02-16T09:41:31","guid":{"rendered":"https:\/\/canofax.hr\/?post_type=product&#038;p=5767"},"modified":"2022-02-16T09:41:31","modified_gmt":"2022-02-16T09:41:31","slug":"hp-600-g4-mt-i7-8700-8gb-256ssd-win10p64","status":"publish","type":"product","link":"https:\/\/canofax.hr\/?product=hp-600-g4-mt-i7-8700-8gb-256ssd-win10p64","title":{"rendered":"HP 600 G4 MT i7-8700\/8GB\/256SSD\/Win10p64"},"content":{"rendered":"<p>Opis<br \/>\nModel ProDesk 600 G4 Microtower PC (3XW71EA)<br \/>\nProcesor Intel\u00ae Core\u2122 i7-8700<br \/>\nChipset Intel\u00ae Q370<br \/>\nMemorija 8 GB DDR4-2666 SDRAM (1 X 8 GB)<br \/>\nMemorijski utori: 4 x DIMM<br \/>\nGrafika Intel\u00ae UHD Graphics 630 (bazna frekvencija od 3,2 GHz, do 4,6 GHz s tehnologijom Intel\u00ae Turbo Boost, 12 MB predmemorije, 6 jezgri)<br \/>\nDisk Jedan 3.5\u2033 HDD; Dva 2.5\u2033 HDD<br \/>\nInterni pogon: 256 GB PCIe\u00ae NVMe\u2122 SSD<br \/>\nOpti\u010dki pogon DVD-Writer<br \/>\nNapajanje ENERGY STAR\u00ae<br \/>\nUnutarnje napajanje od 250 W, u\u010dinkovitost do 92%, aktivni PFC<br \/>\nPriklju\u010dci Prednji:<br \/>\n1 x priklju\u010dak za slu\u0161alice<br \/>\n1 x USB 2.0<br \/>\n1 x USB 2.0 (brzo punjenje)<br \/>\n2 x USB 3.1 Gen 2<br \/>\n1 x USB 3.1 Tip-C \u2122 Gen 2<br \/>\nStra\u017enji:<br \/>\n1 x audio ulaz<br \/>\n1 x audio izlaz<br \/>\n1 x priklju\u010dak za napajanje<br \/>\n1 x RJ-45<br \/>\n2 x USB 2.0<br \/>\n2 x DisplayPort\u2122 1.2<br \/>\n2 x USB 3.1 Gen 1<br \/>\n2 x USB 3.1 Gen 2<\/p>\n<p>Komunikacija LANIntel\u00ae I219LM GbE<br \/>\nUtori za pro\u0161irenje 1 x M.2 2230<br \/>\n1 x M.2 2230\/2280<br \/>\n1 x PCIe 3 x16<br \/>\n2 x PCIe 3 x1<br \/>\n1 x PCIe 3 x16 (wired as x4)<br \/>\nOperativni sustav Windows 10 Pro 64<br \/>\nDimenzije i masa 17 x 27.4 x 33.8 cm<br \/>\n7.14 kg<br \/>\nJamstvo 3 godine<br \/>\nOstalo Tipkovnica: HP USB Business Slim Keyboard<br \/>\nZvuk Conexant CX20632 kodek, 2 W interni zvu\u010dnik, univerzalni audio priklju\u010dak, prednji portovi za slu\u0161alice (3,5 mm)<\/p>\n","protected":false},"excerpt":{"rendered":"<p>ProDesk 600 G4 Microtower PC (3XW71EA)<\/p>\n","protected":false},"featured_media":5768,"comment_status":"open","ping_status":"closed","template":"","meta":[],"product_cat":[59,56],"product_tag":[73],"class_list":{"0":"post-5767","1":"product","2":"type-product","3":"status-publish","4":"has-post-thumbnail","6":"product_cat-hp-stolna-racunala","7":"product_cat-racunala","8":"product_tag-hp-600-g4-mt-i7-8700-8gb-256ssd-win10p64","10":"first","11":"instock","12":"shipping-taxable","13":"product-type-simple"},"_links":{"self":[{"href":"https:\/\/canofax.hr\/index.php?rest_route=\/wp\/v2\/product\/5767","targetHints":{"allow":["GET"]}}],"collection":[{"href":"https:\/\/canofax.hr\/index.php?rest_route=\/wp\/v2\/product"}],"about":[{"href":"https:\/\/canofax.hr\/index.php?rest_route=\/wp\/v2\/types\/product"}],"replies":[{"embeddable":true,"href":"https:\/\/canofax.hr\/index.php?rest_route=%2Fwp%2Fv2%2Fcomments&post=5767"}],"wp:featuredmedia":[{"embeddable":true,"href":"https:\/\/canofax.hr\/index.php?rest_route=\/wp\/v2\/media\/5768"}],"wp:attachment":[{"href":"https:\/\/canofax.hr\/index.php?rest_route=%2Fwp%2Fv2%2Fmedia&parent=5767"}],"wp:term":[{"taxonomy":"product_cat","embeddable":true,"href":"https:\/\/canofax.hr\/index.php?rest_route=%2Fwp%2Fv2%2Fproduct_cat&post=5767"},{"taxonomy":"product_tag","embeddable":true,"href":"https:\/\/canofax.hr\/index.php?rest_route=%2Fwp%2Fv2%2Fproduct_tag&post=5767"}],"curies":[{"name":"wp","href":"https:\/\/api.w.org\/{rel}","templated":true}]}}