{"id":5690,"date":"2020-09-01T23:09:46","date_gmt":"2020-09-01T23:09:46","guid":{"rendered":"http:\/\/d-themes.com\/wordpress\/riode\/elements\/?page_id=11"},"modified":"2022-05-13T07:44:45","modified_gmt":"2022-05-13T07:44:45","slug":"o-nama","status":"publish","type":"page","link":"https:\/\/canofax.hr\/?page_id=5690","title":{"rendered":"O nama"},"content":{"rendered":"\t\t<div data-elementor-type=\"wp-page\" data-elementor-id=\"5690\" class=\"elementor elementor-5690\" data-elementor-post-type=\"page\">\n\t\t\t\t\t\t\r\n\t\t<section\t\t class=\" elementor-section elementor-top-section elementor-element elementor-element-8bc7e5b elementor-section-boxed elementor-section-height-default elementor-section-height-default\" data-id=\"8bc7e5b\" data-element_type=\"section\" data-settings=\"{&quot;background_background&quot;:&quot;classic&quot;}\">\r\n\t\t\r\n\t\t\t\t\t\t\t\t\t\t<div class=\"elementor-container elementor-column-gap-default\" >\r\n\r\n\t\t\t\t\r\n\t\t\t\t\t\t\t\t\t\t\t\t\t\t<div\t\t class=\" elementor-column elementor-col-100 elementor-top-column elementor-element elementor-element-fdd4484\" data-id=\"fdd4484\" data-element_type=\"column\">\r\n\t\t\t\r\n\t\t\t\r\n\t\t\t\r\n\t\t\t<div class=\"elementor-widget-wrap elementor-element-populated\">\r\n\t\t\t\t\t\t\t\t<div class=\" elementor-element elementor-element-9827a40 elementor-widget elementor-widget-heading\" data-id=\"9827a40\" data-element_type=\"widget\" data-widget_type=\"heading.default\">\n\t\t\t\t<div class=\"elementor-widget-container\">\n\t\t\t<h3 class=\"elementor-heading-title elementor-size-default\">O nama<\/h3>\t\t<\/div>\n\t\t\t\t<\/div>\n\t\t\r\n\t\t\r\n\t\t\t\t\t\t\t<\/div>\r\n\t\t\t\r\n\t\t<\/div>\r\n\t\t\t\t\t\t\t\t\t\t\t\t\t\t\t\t\t<\/div>\r\n\t\t\t\t\t\t<\/section>\r\n\t\t\t\t\r\n\t\t<section\t\t class=\" elementor-section elementor-top-section elementor-element elementor-element-a6a8fbb elementor-section-content-middle elementor-section-boxed elementor-section-height-default elementor-section-height-default\" data-id=\"a6a8fbb\" data-element_type=\"section\">\r\n\t\t\r\n\t\t\t\t\t\t\t\t\t\t<div class=\"elementor-container elementor-column-gap-default\" >\r\n\r\n\t\t\t\t\r\n\t\t\t\t\t\t\t\t\t\t\t\t\t\t<div\t\t class=\" elementor-column elementor-col-50 elementor-top-column elementor-element elementor-element-250f75e 0\" data-id=\"250f75e\" data-element_type=\"column\">\r\n\t\t\t\r\n\t\t\t\r\n\t\t\t\r\n\t\t\t<div class=\"elementor-widget-wrap elementor-element-populated\">\r\n\t\t\t\t\t\t\t\t<div class=\" elementor-element elementor-element-c138c4e elementor-widget elementor-widget-text-editor\" data-id=\"c138c4e\" data-element_type=\"widget\" data-widget_type=\"text-editor.default\">\n\t\t\t\t<div class=\"elementor-widget-container\">\n\t\t\t\t\t\t\t<p>O Canofax d.o.o.<br \/>Canofax d.o.o. osnovan je 1992. Godine u Bjelovaru<\/p><p>29 godina duga tradicija uspje\u0161nog rada i pra\u0107enja tehnolo\u0161kih trendova te konstantnog usavr\u0161avanja dovela nas je do pozicije jednog od regionalnih lidera u distribuciji profesionalnih ure\u0111aja brenda Canon.<br \/>Specijalizirali smo se u prodajnom i servisnom segmentu fotokopirnih ure\u0111aja, pisa\u010da, plotera, MF ure\u0111aja, kao i u segmentua najma fotokopirnih i MF ure\u0111aja <br \/>Individualnim pristupom sa svakim korisnikom analiziramo njegove potrebe, te tako samom korisniku nudimo optimalno rije\u0161enje za njegove potrebe. <br \/>Ozbiljnost i predanost radu potvr\u0111ujemo certifikatom tvrke Canon kao silver partner 2021<\/p>\t\t\t\t\t\t<\/div>\n\t\t\t\t<\/div>\n\t\t\t\t<div class=\" elementor-element elementor-element-173addd elementor-widget elementor-widget-image\" data-id=\"173addd\" data-element_type=\"widget\" data-widget_type=\"image.default\">\n\t\t\t\t<div class=\"elementor-widget-container\">\n\t\t\t\t\t\t\t\t\t\t\t\t\t<img fetchpriority=\"high\" decoding=\"async\" width=\"445\" height=\"445\" src=\"https:\/\/canofax.hr\/wp-content\/uploads\/2022\/02\/2022.png\" class=\"attachment-large size-large wp-image-6272\" alt=\"\" srcset=\"https:\/\/canofax.hr\/wp-content\/uploads\/2022\/02\/2022.png 445w, https:\/\/canofax.hr\/wp-content\/uploads\/2022\/02\/2022-300x300.png 300w, https:\/\/canofax.hr\/wp-content\/uploads\/2022\/02\/2022-150x150.png 150w, https:\/\/canofax.hr\/wp-content\/uploads\/2022\/02\/2022-12x12.png 12w\" sizes=\"(max-width: 445px) 100vw, 445px\" \/>\t\t\t\t\t\t\t\t\t\t\t\t\t<\/div>\n\t\t\t\t<\/div>\n\t\t\r\n\t\t\r\n\t\t\t\t\t\t\t<\/div>\r\n\t\t\t\r\n\t\t<\/div>\r\n\t\t\t\t<div\t\t class=\" elementor-column elementor-col-50 elementor-top-column elementor-element elementor-element-9e9c985\" data-id=\"9e9c985\" data-element_type=\"column\">\r\n\t\t\t\r\n\t\t\t\r\n\t\t\t\r\n\t\t\t<div class=\"elementor-widget-wrap elementor-element-populated\">\r\n\t\t\t\t\t\t\t\t<div class=\" elementor-element elementor-element-48344ce elementor-widget elementor-widget-image\" data-id=\"48344ce\" data-element_type=\"widget\" data-widget_type=\"image.default\">\n\t\t\t\t<div class=\"elementor-widget-container\">\n\t\t\t\t\t\t\t\t\t\t\t\t\t<img decoding=\"async\" width=\"1024\" height=\"576\" src=\"https:\/\/canofax.hr\/wp-content\/uploads\/2022\/02\/wp2502948-printer-wallpapers-1024x576.jpg\" class=\"attachment-large size-large wp-image-6192\" alt=\"\" srcset=\"https:\/\/canofax.hr\/wp-content\/uploads\/2022\/02\/wp2502948-printer-wallpapers-1024x576.jpg 1024w, https:\/\/canofax.hr\/wp-content\/uploads\/2022\/02\/wp2502948-printer-wallpapers-300x169.jpg 300w, https:\/\/canofax.hr\/wp-content\/uploads\/2022\/02\/wp2502948-printer-wallpapers-768x432.jpg 768w, https:\/\/canofax.hr\/wp-content\/uploads\/2022\/02\/wp2502948-printer-wallpapers-1536x864.jpg 1536w, https:\/\/canofax.hr\/wp-content\/uploads\/2022\/02\/wp2502948-printer-wallpapers-150x84.jpg 150w, https:\/\/canofax.hr\/wp-content\/uploads\/2022\/02\/wp2502948-printer-wallpapers-600x338.jpg 600w, https:\/\/canofax.hr\/wp-content\/uploads\/2022\/02\/wp2502948-printer-wallpapers.jpg 1920w\" sizes=\"(max-width: 1024px) 100vw, 1024px\" \/>\t\t\t\t\t\t\t\t\t\t\t\t\t<\/div>\n\t\t\t\t<\/div>\n\t\t\r\n\t\t\r\n\t\t\t\t\t\t\t<\/div>\r\n\t\t\t\r\n\t\t<\/div>\r\n\t\t\t\t\t\t\t\t\t\t\t\t\t\t\t\t\t<\/div>\r\n\t\t\t\t\t\t<\/section>\r\n\t\t\t\t<\/div>\n\t\t","protected":false},"excerpt":{"rendered":"<p>O nama O Canofax d.o.o.Canofax d.o.o. osnovan je 1992. Godine u Bjelovaru 29 godina duga tradicija uspje\u0161nog rada i pra\u0107enja tehnolo\u0161kih trendova te konstantnog usavr\u0161avanja dovela nas je do pozicije jednog od regionalnih lidera u distribuciji profesionalnih ure\u0111aja brenda Canon.Specijalizirali smo se u prodajnom i servisnom segmentu fotokopirnih ure\u0111aja, pisa\u010da, plotera, MF ure\u0111aja, kao i [&hellip;]<\/p>\n","protected":false},"author":1,"featured_media":0,"parent":0,"menu_order":0,"comment_status":"closed","ping_status":"closed","template":"","meta":{"footnotes":""},"class_list":["post-5690","page","type-page","status-publish","hentry"],"_links":{"self":[{"href":"https:\/\/canofax.hr\/index.php?rest_route=\/wp\/v2\/pages\/5690","targetHints":{"allow":["GET"]}}],"collection":[{"href":"https:\/\/canofax.hr\/index.php?rest_route=\/wp\/v2\/pages"}],"about":[{"href":"https:\/\/canofax.hr\/index.php?rest_route=\/wp\/v2\/types\/page"}],"author":[{"embeddable":true,"href":"https:\/\/canofax.hr\/index.php?rest_route=\/wp\/v2\/users\/1"}],"replies":[{"embeddable":true,"href":"https:\/\/canofax.hr\/index.php?rest_route=%2Fwp%2Fv2%2Fcomments&post=5690"}],"version-history":[{"count":29,"href":"https:\/\/canofax.hr\/index.php?rest_route=\/wp\/v2\/pages\/5690\/revisions"}],"predecessor-version":[{"id":6307,"href":"https:\/\/canofax.hr\/index.php?rest_route=\/wp\/v2\/pages\/5690\/revisions\/6307"}],"wp:attachment":[{"href":"https:\/\/canofax.hr\/index.php?rest_route=%2Fwp%2Fv2%2Fmedia&parent=5690"}],"curies":[{"name":"wp","href":"https:\/\/api.w.org\/{rel}","templated":true}]}}